{"id":16679,"date":"2022-02-22T11:28:52","date_gmt":"2022-02-22T16:28:52","guid":{"rendered":"https:\/\/cchbrandon.org\/?page_id=16679"},"modified":"2022-03-06T11:32:35","modified_gmt":"2022-03-06T16:32:35","slug":"escuela-dominical","status":"publish","type":"page","link":"https:\/\/cchbrandon.org\/en\/escuela-dominical\/","title":{"rendered":"Sunday School"},"content":{"rendered":"<div data-elementor-type=\"wp-page\" data-elementor-id=\"16679\" class=\"elementor elementor-16679\" data-elementor-post-type=\"page\">\n\t\t\t\t\t\t<section class=\"elementor-section elementor-top-section elementor-element elementor-element-6c0b8d0 elementor-section-boxed elementor-section-height-default elementor-section-height-default\" data-id=\"6c0b8d0\" data-element_type=\"section\" data-e-type=\"section\">\n\t\t\t\t\t\t<div class=\"elementor-container elementor-column-gap-default\">\n\t\t\t\t\t<div class=\"elementor-column elementor-col-100 elementor-top-column elementor-element elementor-element-cbede05\" data-id=\"cbede05\" data-element_type=\"column\" data-e-type=\"column\">\n\t\t\t<div class=\"elementor-widget-wrap elementor-element-populated\">\n\t\t\t\t\t\t<div class=\"elementor-element elementor-element-d052bca elementor-widget elementor-widget-heading\" data-id=\"d052bca\" data-element_type=\"widget\" data-e-type=\"widget\" data-widget_type=\"heading.default\">\n\t\t\t\t<div class=\"elementor-widget-container\">\n\t\t\t\t\t<h1 class=\"elementor-heading-title elementor-size-default\">ESCUELA BIBLICA DOMINICAL<\/h1>\t\t\t\t<\/div>\n\t\t\t\t<\/div>\n\t\t\t\t\t<\/div>\n\t\t<\/div>\n\t\t\t\t\t<\/div>\n\t\t<\/section>\n\t\t\t\t<section class=\"elementor-section elementor-top-section elementor-element elementor-element-54ab3fe elementor-section-boxed elementor-section-height-default elementor-section-height-default\" data-id=\"54ab3fe\" data-element_type=\"section\" data-e-type=\"section\">\n\t\t\t\t\t\t<div class=\"elementor-container elementor-column-gap-default\">\n\t\t\t\t\t<div class=\"elementor-column elementor-col-100 elementor-top-column elementor-element elementor-element-d35bdc9\" data-id=\"d35bdc9\" data-element_type=\"column\" data-e-type=\"column\">\n\t\t\t<div class=\"elementor-widget-wrap elementor-element-populated\">\n\t\t\t\t\t\t<div class=\"elementor-element elementor-element-6d79648 elementor-widget-divider--view-line elementor-widget elementor-widget-divider\" data-id=\"6d79648\" data-element_type=\"widget\" data-e-type=\"widget\" data-widget_type=\"divider.default\">\n\t\t\t\t<div class=\"elementor-widget-container\">\n\t\t\t\t\t\t\t<div class=\"elementor-divider\">\n\t\t\t<span class=\"elementor-divider-separator\">\n\t\t\t\t\t\t<\/span>\n\t\t<\/div>\n\t\t\t\t\t\t<\/div>\n\t\t\t\t<\/div>\n\t\t\t\t\t<\/div>\n\t\t<\/div>\n\t\t\t\t\t<\/div>\n\t\t<\/section>\n\t\t\t\t<section class=\"elementor-section elementor-top-section elementor-element elementor-element-11cc39b elementor-section-boxed elementor-section-height-default elementor-section-height-default\" data-id=\"11cc39b\" data-element_type=\"section\" data-e-type=\"section\">\n\t\t\t\t\t\t<div class=\"elementor-container elementor-column-gap-default\">\n\t\t\t\t\t<div class=\"elementor-column elementor-col-100 elementor-top-column elementor-element elementor-element-34f6e91\" data-id=\"34f6e91\" data-element_type=\"column\" data-e-type=\"column\">\n\t\t\t<div class=\"elementor-widget-wrap elementor-element-populated\">\n\t\t\t\t\t\t<div class=\"elementor-element elementor-element-921b491 elementor-widget elementor-widget-heading\" data-id=\"921b491\" data-element_type=\"widget\" data-e-type=\"widget\" data-widget_type=\"heading.default\">\n\t\t\t\t<div class=\"elementor-widget-container\">\n\t\t\t\t\t<h3 class=\"elementor-heading-title elementor-size-default\">Mision:<\/h3>\t\t\t\t<\/div>\n\t\t\t\t<\/div>\n\t\t\t\t\t<\/div>\n\t\t<\/div>\n\t\t\t\t\t<\/div>\n\t\t<\/section>\n\t\t\t\t<section class=\"elementor-section elementor-top-section elementor-element elementor-element-0b03cd7 elementor-section-boxed elementor-section-height-default elementor-section-height-default\" data-id=\"0b03cd7\" data-element_type=\"section\" data-e-type=\"section\">\n\t\t\t\t\t\t<div class=\"elementor-container elementor-column-gap-default\">\n\t\t\t\t\t<div class=\"elementor-column elementor-col-100 elementor-top-column elementor-element elementor-element-e0921c6\" data-id=\"e0921c6\" data-element_type=\"column\" data-e-type=\"column\">\n\t\t\t<div class=\"elementor-widget-wrap elementor-element-populated\">\n\t\t\t\t\t\t<div class=\"elementor-element elementor-element-4ab3298 elementor-widget elementor-widget-text-editor\" data-id=\"4ab3298\" data-element_type=\"widget\" data-e-type=\"widget\" data-widget_type=\"text-editor.default\">\n\t\t\t\t<div class=\"elementor-widget-container\">\n\t\t\t\t\t\t\t\t\t<p>Como Departamento de Escuela Dominical, nuestro trabajo esta enfocado en transformar la vida de los ni\u00f1os, jovenes y adultos, que dia a dia integran nuestras clases.\u00a0 Guiandolos hacia un encuentro real con Jesucristo y no solo a los ni\u00f1os si no tambien a sus padres.\u00a0 Haciendoles participes de la educacion cristiana de sus hijos.\u00a0 Teniendo presente que los ni\u00f1os que hoy tenemos en nuestras aulas de clase, seran aquellos que en el futuro se encargaran de esparcir el evangelio en este necesitado pais y donde Dios quiera llevarlos.<\/p>\t\t\t\t\t\t\t\t<\/div>\n\t\t\t\t<\/div>\n\t\t\t\t\t<\/div>\n\t\t<\/div>\n\t\t\t\t\t<\/div>\n\t\t<\/section>\n\t\t\t\t<section class=\"elementor-section elementor-top-section elementor-element elementor-element-d95f4e8 elementor-section-boxed elementor-section-height-default elementor-section-height-default\" data-id=\"d95f4e8\" data-element_type=\"section\" data-e-type=\"section\">\n\t\t\t\t\t\t<div class=\"elementor-container elementor-column-gap-default\">\n\t\t\t\t\t<div class=\"elementor-column elementor-col-100 elementor-top-column elementor-element elementor-element-d7661a9\" data-id=\"d7661a9\" data-element_type=\"column\" data-e-type=\"column\">\n\t\t\t<div class=\"elementor-widget-wrap elementor-element-populated\">\n\t\t\t\t\t\t<div class=\"elementor-element elementor-element-e211ba0 elementor-widget elementor-widget-spacer\" data-id=\"e211ba0\" data-element_type=\"widget\" data-e-type=\"widget\" data-widget_type=\"spacer.default\">\n\t\t\t\t<div class=\"elementor-widget-container\">\n\t\t\t\t\t\t\t<div class=\"elementor-spacer\">\n\t\t\t<div class=\"elementor-spacer-inner\"><\/div>\n\t\t<\/div>\n\t\t\t\t\t\t<\/div>\n\t\t\t\t<\/div>\n\t\t\t\t\t<\/div>\n\t\t<\/div>\n\t\t\t\t\t<\/div>\n\t\t<\/section>\n\t\t\t\t<section class=\"elementor-section elementor-top-section elementor-element elementor-element-88bde64 elementor-section-boxed elementor-section-height-default elementor-section-height-default\" data-id=\"88bde64\" data-element_type=\"section\" data-e-type=\"section\">\n\t\t\t\t\t\t<div class=\"elementor-container elementor-column-gap-default\">\n\t\t\t\t\t<div class=\"elementor-column elementor-col-100 elementor-top-column elementor-element elementor-element-295a968\" data-id=\"295a968\" data-element_type=\"column\" data-e-type=\"column\">\n\t\t\t<div class=\"elementor-widget-wrap elementor-element-populated\">\n\t\t\t\t\t\t<div class=\"elementor-element elementor-element-dd93668 elementor-widget elementor-widget-heading\" data-id=\"dd93668\" data-element_type=\"widget\" data-e-type=\"widget\" data-widget_type=\"heading.default\">\n\t\t\t\t<div class=\"elementor-widget-container\">\n\t\t\t\t\t<h3 class=\"elementor-heading-title elementor-size-default\">Vision:<\/h3>\t\t\t\t<\/div>\n\t\t\t\t<\/div>\n\t\t\t\t\t<\/div>\n\t\t<\/div>\n\t\t\t\t\t<\/div>\n\t\t<\/section>\n\t\t\t\t<section class=\"elementor-section elementor-top-section elementor-element elementor-element-763d7dd elementor-section-boxed elementor-section-height-default elementor-section-height-default\" data-id=\"763d7dd\" data-element_type=\"section\" data-e-type=\"section\">\n\t\t\t\t\t\t<div class=\"elementor-container elementor-column-gap-default\">\n\t\t\t\t\t<div class=\"elementor-column elementor-col-100 elementor-top-column elementor-element elementor-element-04956a0\" data-id=\"04956a0\" data-element_type=\"column\" data-e-type=\"column\">\n\t\t\t<div class=\"elementor-widget-wrap elementor-element-populated\">\n\t\t\t\t\t\t<div class=\"elementor-element elementor-element-e6fb0a6 elementor-widget elementor-widget-text-editor\" data-id=\"e6fb0a6\" data-element_type=\"widget\" data-e-type=\"widget\" data-widget_type=\"text-editor.default\">\n\t\t\t\t<div class=\"elementor-widget-container\">\n\t\t\t\t\t\t\t\t\t<p>Usar la Escuela Dominical como un medio eficaz para alcanzar a los ni\u00f1os, jovenes y adultos con el evangelio de nuestro Se\u00f1or Jesucristo.\u00a0 Instruir a nuevos y viejos creyentes para educarlos en el trabajo de la obra del Se\u00f1or y sembrar la palabra de Dios en sus corazones, asi como tambien los valores del cristianismo y aconsejarlos en las cosas practicas de la vida cotidiana, poniendo en ellos la necesidad de buscar a Dios orientandolos hacia un liderazgo victorioso.<\/p>\t\t\t\t\t\t\t\t<\/div>\n\t\t\t\t<\/div>\n\t\t\t\t\t<\/div>\n\t\t<\/div>\n\t\t\t\t\t<\/div>\n\t\t<\/section>\n\t\t\t\t<section class=\"elementor-section elementor-top-section elementor-element elementor-element-f84e899 elementor-section-boxed elementor-section-height-default elementor-section-height-default\" data-id=\"f84e899\" data-element_type=\"section\" data-e-type=\"section\">\n\t\t\t\t\t\t<div class=\"elementor-container elementor-column-gap-default\">\n\t\t\t\t\t<div class=\"elementor-column elementor-col-100 elementor-top-column elementor-element elementor-element-37f2a85\" data-id=\"37f2a85\" data-element_type=\"column\" data-e-type=\"column\">\n\t\t\t<div class=\"elementor-widget-wrap elementor-element-populated\">\n\t\t\t\t\t\t<div class=\"elementor-element elementor-element-1755649 elementor-widget elementor-widget-spacer\" data-id=\"1755649\" data-element_type=\"widget\" data-e-type=\"widget\" data-widget_type=\"spacer.default\">\n\t\t\t\t<div class=\"elementor-widget-container\">\n\t\t\t\t\t\t\t<div class=\"elementor-spacer\">\n\t\t\t<div class=\"elementor-spacer-inner\"><\/div>\n\t\t<\/div>\n\t\t\t\t\t\t<\/div>\n\t\t\t\t<\/div>\n\t\t\t\t\t<\/div>\n\t\t<\/div>\n\t\t\t\t\t<\/div>\n\t\t<\/section>\n\t\t\t\t<section class=\"elementor-section elementor-top-section elementor-element elementor-element-4d4519d elementor-section-boxed elementor-section-height-default elementor-section-height-default\" data-id=\"4d4519d\" data-element_type=\"section\" data-e-type=\"section\">\n\t\t\t\t\t\t<div class=\"elementor-container elementor-column-gap-default\">\n\t\t\t\t\t<div class=\"elementor-column elementor-col-100 elementor-top-column elementor-element elementor-element-2abd31d\" data-id=\"2abd31d\" data-element_type=\"column\" data-e-type=\"column\">\n\t\t\t<div class=\"elementor-widget-wrap elementor-element-populated\">\n\t\t\t\t\t\t<div class=\"elementor-element elementor-element-afa8139 elementor-widget elementor-widget-heading\" data-id=\"afa8139\" data-element_type=\"widget\" data-e-type=\"widget\" data-widget_type=\"heading.default\">\n\t\t\t\t<div class=\"elementor-widget-container\">\n\t\t\t\t\t<h3 class=\"elementor-heading-title elementor-size-default\">Objetivos de la Escuela Biblica:<\/h3>\t\t\t\t<\/div>\n\t\t\t\t<\/div>\n\t\t\t\t\t<\/div>\n\t\t<\/div>\n\t\t\t\t\t<\/div>\n\t\t<\/section>\n\t\t\t\t<section class=\"elementor-section elementor-top-section elementor-element elementor-element-1b0312d elementor-section-boxed elementor-section-height-default elementor-section-height-default\" data-id=\"1b0312d\" data-element_type=\"section\" data-e-type=\"section\">\n\t\t\t\t\t\t<div class=\"elementor-container elementor-column-gap-default\">\n\t\t\t\t\t<div class=\"elementor-column elementor-col-100 elementor-top-column elementor-element elementor-element-8f4ca34\" data-id=\"8f4ca34\" data-element_type=\"column\" data-e-type=\"column\">\n\t\t\t<div class=\"elementor-widget-wrap elementor-element-populated\">\n\t\t\t\t\t\t<div class=\"elementor-element elementor-element-8e2ddf9 elementor-widget elementor-widget-text-editor\" data-id=\"8e2ddf9\" data-element_type=\"widget\" data-e-type=\"widget\" data-widget_type=\"text-editor.default\">\n\t\t\t\t<div class=\"elementor-widget-container\">\n\t\t\t\t\t\t\t\t\t<p>Todos los objetivos est\u00e1n enfocados a la formaci\u00f3n de los ni\u00f1os, jovenes y adultos en nuestra congregaci\u00f3n, brind\u00e1ndoles ense\u00f1anzas de calidad, llenas del poder de Dios. <br \/><br \/>Algunos objetivos espec\u00edficos son:<br \/>\u2013 Que los ni\u00f1os, jovenes y adultos conozcan y reciban a Jes\u00fas como su salvador personal. <br \/>\u2013 Preparar a los creyentes para perfeccionarlos en el trabajo de la obra del Se\u00f1or.<br \/>\u2013 Formar nuestros futuros l\u00edderes bajo los reg\u00edmenes cristianos y doctrinas de nuestro concilio. <br \/>\u2013 Descubrir dones y talentos para el servicio a Dios. <br \/>\u2013 Fortalecer el conocimiento de la palabra de Dios. <br \/>\u2013 Motivar a la obediencia, y dar a conocer su importancia. <br \/>\u2013 Fomentar una vida cristiana agradable ante Dios. <br \/>\u2013 Promover el evangelismo y el amor por sus semejantes.<\/p>\t\t\t\t\t\t\t\t<\/div>\n\t\t\t\t<\/div>\n\t\t\t\t\t<\/div>\n\t\t<\/div>\n\t\t\t\t\t<\/div>\n\t\t<\/section>\n\t\t\t\t<section class=\"elementor-section elementor-top-section elementor-element elementor-element-6954924 elementor-section-boxed elementor-section-height-default elementor-section-height-default\" data-id=\"6954924\" data-element_type=\"section\" data-e-type=\"section\">\n\t\t\t\t\t\t<div class=\"elementor-container elementor-column-gap-default\">\n\t\t\t\t\t<div class=\"elementor-column elementor-col-100 elementor-top-column elementor-element elementor-element-3819aad\" data-id=\"3819aad\" data-element_type=\"column\" data-e-type=\"column\">\n\t\t\t<div class=\"elementor-widget-wrap elementor-element-populated\">\n\t\t\t\t\t\t<div class=\"elementor-element elementor-element-677b76c elementor-widget-divider--view-line elementor-widget elementor-widget-divider\" data-id=\"677b76c\" data-element_type=\"widget\" data-e-type=\"widget\" data-widget_type=\"divider.default\">\n\t\t\t\t<div class=\"elementor-widget-container\">\n\t\t\t\t\t\t\t<div class=\"elementor-divider\">\n\t\t\t<span class=\"elementor-divider-separator\">\n\t\t\t\t\t\t<\/span>\n\t\t<\/div>\n\t\t\t\t\t\t<\/div>\n\t\t\t\t<\/div>\n\t\t\t\t\t<\/div>\n\t\t<\/div>\n\t\t\t\t\t<\/div>\n\t\t<\/section>\n\t\t\t\t<section class=\"elementor-section elementor-top-section elementor-element elementor-element-006ce2b elementor-section-boxed elementor-section-height-default elementor-section-height-default\" data-id=\"006ce2b\" data-element_type=\"section\" data-e-type=\"section\">\n\t\t\t\t\t\t<div class=\"elementor-container elementor-column-gap-default\">\n\t\t\t\t\t<div class=\"elementor-column elementor-col-100 elementor-top-column elementor-element elementor-element-353a62a\" data-id=\"353a62a\" data-element_type=\"column\" data-e-type=\"column\">\n\t\t\t<div class=\"elementor-widget-wrap elementor-element-populated\">\n\t\t\t\t\t\t<div class=\"elementor-element elementor-element-52b48f0 elementor-widget elementor-widget-spacer\" data-id=\"52b48f0\" data-element_type=\"widget\" data-e-type=\"widget\" data-widget_type=\"spacer.default\">\n\t\t\t\t<div class=\"elementor-widget-container\">\n\t\t\t\t\t\t\t<div class=\"elementor-spacer\">\n\t\t\t<div class=\"elementor-spacer-inner\"><\/div>\n\t\t<\/div>\n\t\t\t\t\t\t<\/div>\n\t\t\t\t<\/div>\n\t\t\t\t\t<\/div>\n\t\t<\/div>\n\t\t\t\t\t<\/div>\n\t\t<\/section>\n\t\t\t\t<section class=\"elementor-section elementor-top-section elementor-element elementor-element-472caaa elementor-section-boxed elementor-section-height-default elementor-section-height-default\" data-id=\"472caaa\" data-element_type=\"section\" data-e-type=\"section\">\n\t\t\t\t\t\t<div class=\"elementor-container elementor-column-gap-default\">\n\t\t\t\t\t<div class=\"elementor-column elementor-col-100 elementor-top-column elementor-element elementor-element-dc2a95a\" data-id=\"dc2a95a\" data-element_type=\"column\" data-e-type=\"column\">\n\t\t\t<div class=\"elementor-widget-wrap elementor-element-populated\">\n\t\t\t\t\t\t<div class=\"elementor-element elementor-element-57d15a1 elementor-widget elementor-widget-heading\" data-id=\"57d15a1\" data-element_type=\"widget\" data-e-type=\"widget\" data-widget_type=\"heading.default\">\n\t\t\t\t<div class=\"elementor-widget-container\">\n\t\t\t\t\t<h2 class=\"elementor-heading-title elementor-size-default\">Posiciones y Grupos de Nuestra Escuela Dominical<\/h2>\t\t\t\t<\/div>\n\t\t\t\t<\/div>\n\t\t\t\t\t<\/div>\n\t\t<\/div>\n\t\t\t\t\t<\/div>\n\t\t<\/section>\n\t\t\t\t<section class=\"elementor-section elementor-top-section elementor-element elementor-element-9b88461 elementor-section-boxed elementor-section-height-default elementor-section-height-default\" data-id=\"9b88461\" data-element_type=\"section\" data-e-type=\"section\">\n\t\t\t\t\t\t<div class=\"elementor-container elementor-column-gap-default\">\n\t\t\t\t\t<div class=\"elementor-column elementor-col-100 elementor-top-column elementor-element elementor-element-b2ecc65\" data-id=\"b2ecc65\" data-element_type=\"column\" data-e-type=\"column\">\n\t\t\t<div class=\"elementor-widget-wrap elementor-element-populated\">\n\t\t\t\t\t\t<div class=\"elementor-element elementor-element-be4f867 elementor-widget elementor-widget-text-editor\" data-id=\"be4f867\" data-element_type=\"widget\" data-e-type=\"widget\" data-widget_type=\"text-editor.default\">\n\t\t\t\t<div class=\"elementor-widget-container\">\n\t\t\t\t\t\t\t\t\t<p><span style=\"color: #000000;\"><strong>Superintendente:<\/strong>\u00a0 Carlos J. Alers<\/span><br \/><span style=\"color: #000000;\"><strong>Administradora:<\/strong>\u00a0 Lesvia Alaniz<\/span><br \/><span style=\"color: #000000;\"><strong>Tesorero:<\/strong> Ingrid Alers<\/span><\/p>\t\t\t\t\t\t\t\t<\/div>\n\t\t\t\t<\/div>\n\t\t\t\t\t<\/div>\n\t\t<\/div>\n\t\t\t\t\t<\/div>\n\t\t<\/section>\n\t\t\t\t<section class=\"elementor-section elementor-top-section elementor-element elementor-element-c563007 elementor-section-boxed elementor-section-height-default elementor-section-height-default\" data-id=\"c563007\" data-element_type=\"section\" data-e-type=\"section\">\n\t\t\t\t\t\t<div class=\"elementor-container elementor-column-gap-default\">\n\t\t\t\t\t<div class=\"elementor-column elementor-col-100 elementor-top-column elementor-element elementor-element-2c5e7f1\" data-id=\"2c5e7f1\" data-element_type=\"column\" data-e-type=\"column\">\n\t\t\t<div class=\"elementor-widget-wrap elementor-element-populated\">\n\t\t\t\t\t\t<div class=\"elementor-element elementor-element-38d79b9 elementor-widget elementor-widget-spacer\" data-id=\"38d79b9\" data-element_type=\"widget\" data-e-type=\"widget\" data-widget_type=\"spacer.default\">\n\t\t\t\t<div class=\"elementor-widget-container\">\n\t\t\t\t\t\t\t<div class=\"elementor-spacer\">\n\t\t\t<div class=\"elementor-spacer-inner\"><\/div>\n\t\t<\/div>\n\t\t\t\t\t\t<\/div>\n\t\t\t\t<\/div>\n\t\t\t\t\t<\/div>\n\t\t<\/div>\n\t\t\t\t\t<\/div>\n\t\t<\/section>\n\t\t\t\t<section class=\"elementor-section elementor-top-section elementor-element elementor-element-70c4872 elementor-section-boxed elementor-section-height-default elementor-section-height-default\" data-id=\"70c4872\" data-element_type=\"section\" data-e-type=\"section\">\n\t\t\t\t\t\t<div class=\"elementor-container elementor-column-gap-default\">\n\t\t\t\t\t<div class=\"elementor-column elementor-col-100 elementor-top-column elementor-element elementor-element-dee8712\" data-id=\"dee8712\" data-element_type=\"column\" data-e-type=\"column\">\n\t\t\t<div class=\"elementor-widget-wrap elementor-element-populated\">\n\t\t\t\t\t\t<div class=\"elementor-element elementor-element-0d5b65c elementor-widget elementor-widget-shortcode\" data-id=\"0d5b65c\" data-element_type=\"widget\" data-e-type=\"widget\" data-widget_type=\"shortcode.default\">\n\t\t\t\t<div class=\"elementor-widget-container\">\n\t\t\t\t\t\t\t<div class=\"elementor-shortcode\">\n<table id=\"tablepress-3\" class=\"tablepress tablepress-id-3\">\n<thead>\n<tr class=\"row-1\">\n\t<th class=\"column-1\">Grupo<\/th><th class=\"column-2\">Clase<\/th><th class=\"column-3\">Edad<\/th><th class=\"column-4\">Maestro<\/th>\n<\/tr>\n<\/thead>\n<tbody class=\"row-striping row-hover\">\n<tr class=\"row-2\">\n\t<td class=\"column-1\">Adultos<\/td><td class=\"column-2\">Adultos<\/td><td class=\"column-3\">25 &amp; Older<\/td><td class=\"column-4\">Susie Perez, Evelyn Lopez<\/td>\n<\/tr>\n<tr class=\"row-3\">\n\t<td class=\"column-1\">College<\/td><td class=\"column-2\">Jovenes Adultos<\/td><td class=\"column-3\">18 - 24 years<\/td><td class=\"column-4\">Samuel Rivera<\/td>\n<\/tr>\n<tr class=\"row-4\">\n\t<td class=\"column-1\">10, 11, 12th<\/td><td class=\"column-2\">High School<\/td><td class=\"column-3\">14 - 17 years<\/td><td class=\"column-4\">Kristhian Estrada<\/td>\n<\/tr>\n<tr class=\"row-5\">\n\t<td class=\"column-1\">6th, 7th, 8th<\/td><td class=\"column-2\">Middle School<\/td><td class=\"column-3\">11 - 13 years<\/td><td class=\"column-4\">Tony Torres, Ada Santiago<\/td>\n<\/tr>\n<tr class=\"row-6\">\n\t<td class=\"column-1\">4th, 5th<\/td><td class=\"column-2\">Pre-Teen<\/td><td class=\"column-3\">9 - 10 years<\/td><td class=\"column-4\">Georgina Murot, Delkys Martinez<\/td>\n<\/tr>\n<tr class=\"row-7\">\n\t<td class=\"column-1\">2nd, 3rd<\/td><td class=\"column-2\">Meddlers<\/td><td class=\"column-3\">7 - 8 years<\/td><td class=\"column-4\">Belkis Mojica, Daisy Torres<\/td>\n<\/tr>\n<tr class=\"row-8\">\n\t<td class=\"column-1\">Kinder, 1st<\/td><td class=\"column-2\">Primary<\/td><td class=\"column-3\">5 -6 years<\/td><td class=\"column-4\">Betty Stone<\/td>\n<\/tr>\n<\/tbody>\n<\/table>\n<!-- #tablepress-3 from cache --><\/div>\n\t\t\t\t\t\t<\/div>\n\t\t\t\t<\/div>\n\t\t\t\t\t<\/div>\n\t\t<\/div>\n\t\t\t\t\t<\/div>\n\t\t<\/section>\n\t\t\t\t<\/div>","protected":false},"excerpt":{"rendered":"<p>ESCUELA BIBLICA DOMINICAL Mision: Como Departamento de Escuela Dominical, nuestro trabajo esta enfocado en transformar la vida de los ni\u00f1os, jovenes y adultos, que dia a dia integran nuestras clases.\u00a0 Guiandolos hacia un encuentro real con Jesucristo y no solo a los ni\u00f1os si no tambien a sus padres.\u00a0 Haciendoles participes de la educacion cristiana [&hellip;]<\/p>\n","protected":false},"author":1,"featured_media":0,"parent":0,"menu_order":0,"comment_status":"closed","ping_status":"closed","template":"","meta":{"ocean_post_layout":"full-width","ocean_both_sidebars_style":"","ocean_both_sidebars_content_width":0,"ocean_both_sidebars_sidebars_width":0,"ocean_sidebar":"0","ocean_second_sidebar":"0","ocean_disable_margins":"on","ocean_add_body_class":"","ocean_shortcode_before_top_bar":"","ocean_shortcode_after_top_bar":"","ocean_shortcode_before_header":"","ocean_shortcode_after_header":"","ocean_has_shortcode":"","ocean_shortcode_after_title":"","ocean_shortcode_before_footer_widgets":"","ocean_shortcode_after_footer_widgets":"","ocean_shortcode_before_footer_bottom":"","ocean_shortcode_after_footer_bottom":"","ocean_display_top_bar":"default","ocean_display_header":"default","ocean_header_style":"","ocean_center_header_left_menu":"0","ocean_custom_header_template":"0","ocean_custom_logo":0,"ocean_custom_retina_logo":0,"ocean_custom_logo_max_width":0,"ocean_custom_logo_tablet_max_width":0,"ocean_custom_logo_mobile_max_width":0,"ocean_custom_logo_max_height":0,"ocean_custom_logo_tablet_max_height":0,"ocean_custom_logo_mobile_max_height":0,"ocean_header_custom_menu":"0","ocean_menu_typo_font_family":"0","ocean_menu_typo_font_subset":"","ocean_menu_typo_font_size":0,"ocean_menu_typo_font_size_tablet":0,"ocean_menu_typo_font_size_mobile":0,"ocean_menu_typo_font_size_unit":"px","ocean_menu_typo_font_weight":"","ocean_menu_typo_font_weight_tablet":"","ocean_menu_typo_font_weight_mobile":"","ocean_menu_typo_transform":"","ocean_menu_typo_transform_tablet":"","ocean_menu_typo_transform_mobile":"","ocean_menu_typo_line_height":0,"ocean_menu_typo_line_height_tablet":0,"ocean_menu_typo_line_height_mobile":0,"ocean_menu_typo_line_height_unit":"","ocean_menu_typo_spacing":0,"ocean_menu_typo_spacing_tablet":0,"ocean_menu_typo_spacing_mobile":0,"ocean_menu_typo_spacing_unit":"","ocean_menu_link_color":"","ocean_menu_link_color_hover":"","ocean_menu_link_color_active":"","ocean_menu_link_background":"","ocean_menu_link_hover_background":"","ocean_menu_link_active_background":"","ocean_menu_social_links_bg":"","ocean_menu_social_hover_links_bg":"","ocean_menu_social_links_color":"","ocean_menu_social_hover_links_color":"","ocean_disable_title":"on","ocean_disable_heading":"default","ocean_post_title":"","ocean_post_subheading":"","ocean_post_title_style":"","ocean_post_title_background_color":"","ocean_post_title_background":0,"ocean_post_title_bg_image_position":"","ocean_post_title_bg_image_attachment":"","ocean_post_title_bg_image_repeat":"","ocean_post_title_bg_image_size":"","ocean_post_title_height":0,"ocean_post_title_bg_overlay":0.5,"ocean_post_title_bg_overlay_color":"","ocean_disable_breadcrumbs":"off","ocean_breadcrumbs_color":"","ocean_breadcrumbs_separator_color":"","ocean_breadcrumbs_links_color":"","ocean_breadcrumbs_links_hover_color":"","ocean_display_footer_widgets":"default","ocean_display_footer_bottom":"default","ocean_custom_footer_template":"0","footnotes":""},"class_list":["post-16679","page","type-page","status-publish","hentry","entry","owp-thumbs-layout-horizontal","owp-btn-normal","owp-tabs-layout-horizontal","has-no-thumbnails","has-product-nav"],"post_mailing_queue_ids":[],"_links":{"self":[{"href":"https:\/\/cchbrandon.org\/en\/wp-json\/wp\/v2\/pages\/16679","targetHints":{"allow":["GET"]}}],"collection":[{"href":"https:\/\/cchbrandon.org\/en\/wp-json\/wp\/v2\/pages"}],"about":[{"href":"https:\/\/cchbrandon.org\/en\/wp-json\/wp\/v2\/types\/page"}],"author":[{"embeddable":true,"href":"https:\/\/cchbrandon.org\/en\/wp-json\/wp\/v2\/users\/1"}],"replies":[{"embeddable":true,"href":"https:\/\/cchbrandon.org\/en\/wp-json\/wp\/v2\/comments?post=16679"}],"version-history":[{"count":59,"href":"https:\/\/cchbrandon.org\/en\/wp-json\/wp\/v2\/pages\/16679\/revisions"}],"predecessor-version":[{"id":16794,"href":"https:\/\/cchbrandon.org\/en\/wp-json\/wp\/v2\/pages\/16679\/revisions\/16794"}],"wp:attachment":[{"href":"https:\/\/cchbrandon.org\/en\/wp-json\/wp\/v2\/media?parent=16679"}],"curies":[{"name":"wp","href":"https:\/\/api.w.org\/{rel}","templated":true}]}}