{"id":51,"date":"2017-08-04T20:07:50","date_gmt":"2017-08-05T00:07:50","guid":{"rendered":"http:\/\/cchbrandon.org\/?page_id=51"},"modified":"2020-04-20T10:12:36","modified_gmt":"2020-04-20T14:12:36","slug":"ministerio-de-ninas","status":"publish","type":"page","link":"https:\/\/cchbrandon.org\/en\/ministerio-de-ninas\/","title":{"rendered":"Girls' Ministry"},"content":{"rendered":"<div id=\"pl-51\"  class=\"panel-layout\" >\n<div id=\"pg-51-0\"  class=\"panel-grid panel-no-style\"  data-style=\"{&quot;background_display&quot;:&quot;tile&quot;,&quot;cell_alignment&quot;:&quot;flex-start&quot;}\" >\n<div id=\"pgc-51-0-0\"  class=\"panel-grid-cell panel-grid-cell-empty\"  data-weight=\"0.330275229358\" ><\/div>\n<div id=\"pgc-51-0-1\"  class=\"panel-grid-cell panel-grid-cell-mobile-last\"  data-weight=\"0.339449541284\" >\n<div id=\"panel-51-0-1-0\" class=\"so-panel widget widget_sow-image panel-first-child panel-last-child\" data-index=\"0\" data-style=\"{&quot;background_display&quot;:&quot;tile&quot;}\" >[siteorigin_widget class=&#8221;SiteOrigin_Widget_Image_Widget&#8221;]<input type=\"hidden\" value=\"{&quot;instance&quot;:{&quot;image&quot;:1188,&quot;image_fallback&quot;:&quot;&quot;,&quot;size&quot;:&quot;full&quot;,&quot;align&quot;:&quot;center&quot;,&quot;title&quot;:&quot;&quot;,&quot;title_position&quot;:&quot;hidden&quot;,&quot;alt&quot;:&quot;&quot;,&quot;url&quot;:&quot;&quot;,&quot;bound&quot;:true,&quot;_sow_form_id&quot;:&quot;59a34beb9c305&quot;,&quot;_sow_form_timestamp&quot;:&quot;1503874469346&quot;,&quot;new_window&quot;:false,&quot;full_width&quot;:false,&quot;so_sidebar_emulator_id&quot;:&quot;sow-image-5110000&quot;,&quot;option_name&quot;:&quot;widget_sow-image&quot;},&quot;args&quot;:{&quot;before_widget&quot;:&quot;&lt;div id=\\&quot;panel-51-0-1-0\\&quot; class=\\&quot;so-panel widget widget_sow-image panel-first-child panel-last-child\\&quot; data-index=\\&quot;0\\&quot; data-style=\\&quot;{&amp;quot;background_display&amp;quot;:&amp;quot;tile&amp;quot;}\\&quot; &gt;&quot;,&quot;after_widget&quot;:&quot;&lt;\\\/div&gt;&quot;,&quot;before_title&quot;:&quot;&lt;h3 class=\\&quot;widget-title\\&quot;&gt;&quot;,&quot;after_title&quot;:&quot;&lt;\\\/h3&gt;&quot;,&quot;widget_id&quot;:&quot;widget-0-1-0&quot;}}\" \/>[\/siteorigin_widget]<\/div>\n<\/div>\n<div id=\"pgc-51-0-2\"  class=\"panel-grid-cell panel-grid-cell-empty\"  data-weight=\"0.330275229358\" ><\/div>\n<\/div>\n<div id=\"pg-51-1\"  class=\"panel-grid panel-no-style\"  data-style=\"{&quot;background_image_attachment&quot;:false,&quot;background_display&quot;:&quot;tile&quot;,&quot;cell_alignment&quot;:&quot;flex-start&quot;}\"  data-ratio=\"1\"  data-ratio-direction=\"right\" >\n<div id=\"pgc-51-1-0\"  class=\"panel-grid-cell\"  data-weight=\"1\" >\n<div id=\"panel-51-1-0-0\" class=\"so-panel widget widget_sow-editor panel-first-child\" data-index=\"1\" data-style=\"{&quot;background_image_attachment&quot;:false,&quot;background_display&quot;:&quot;tile&quot;}\" >\n<div class=\"so-widget-sow-editor so-widget-sow-editor-base\">\n<div class=\"siteorigin-widget-tinymce textwidget\">\n<hr \/>\n<h3 style=\"text-align: center;\">Follow us on Social Media\u00a0| S\u00edguenos en las Redes Sociales<\/h3>\n<\/div>\n<\/div>\n<\/div>\n<div id=\"panel-51-1-0-1\" class=\"so-panel widget widget_vantage-social-media\" data-index=\"2\" data-style=\"{&quot;background_image_attachment&quot;:false,&quot;background_display&quot;:&quot;tile&quot;}\" >[siteorigin_widget class=&#8221;Vantage_Social_Media_Widget&#8221;]<input type=\"hidden\" value=\"{&quot;instance&quot;:{&quot;title&quot;:&quot;&quot;,&quot;size&quot;:&quot;large&quot;,&quot;facebook&quot;:&quot;https:\\\/\\\/www.facebook.com\\\/cch.misioneritas&quot;,&quot;twitter&quot;:&quot;&quot;,&quot;google-plus&quot;:&quot;&quot;,&quot;linkedin&quot;:&quot;&quot;,&quot;dribbble&quot;:&quot;&quot;,&quot;behance&quot;:&quot;&quot;,&quot;deviantart&quot;:&quot;&quot;,&quot;flickr&quot;:&quot;&quot;,&quot;500px&quot;:&quot;&quot;,&quot;instagram&quot;:&quot;https:\\\/\\\/www.instagram.com\\\/cchmisioneritas&quot;,&quot;pinterest&quot;:&quot;&quot;,&quot;skype&quot;:&quot;&quot;,&quot;youtube&quot;:&quot;&quot;,&quot;vimeo&quot;:&quot;&quot;,&quot;medium&quot;:&quot;&quot;,&quot;tumblr&quot;:&quot;&quot;,&quot;wordpress&quot;:&quot;&quot;,&quot;github&quot;:&quot;&quot;,&quot;bitbucket&quot;:&quot;&quot;,&quot;codepen&quot;:&quot;&quot;,&quot;mixcloud&quot;:&quot;&quot;,&quot;soundcloud&quot;:&quot;&quot;,&quot;stumbleupon&quot;:&quot;&quot;,&quot;vk&quot;:&quot;&quot;,&quot;rss&quot;:&quot;&quot;,&quot;envelope&quot;:&quot;gm@cchbrandon.org&quot;,&quot;phone&quot;:&quot;&quot;,&quot;new_window&quot;:false,&quot;so_sidebar_emulator_id&quot;:&quot;vantage-social-media-5110002&quot;,&quot;option_name&quot;:&quot;widget_vantage-social-media&quot;},&quot;args&quot;:{&quot;before_widget&quot;:&quot;&lt;div id=\\&quot;panel-51-1-0-1\\&quot; class=\\&quot;so-panel widget widget_vantage-social-media\\&quot; data-index=\\&quot;2\\&quot; data-style=\\&quot;{&amp;quot;background_image_attachment&amp;quot;:false,&amp;quot;background_display&amp;quot;:&amp;quot;tile&amp;quot;}\\&quot; &gt;&quot;,&quot;after_widget&quot;:&quot;&lt;\\\/div&gt;&quot;,&quot;before_title&quot;:&quot;&lt;h3 class=\\&quot;widget-title\\&quot;&gt;&quot;,&quot;after_title&quot;:&quot;&lt;\\\/h3&gt;&quot;,&quot;widget_id&quot;:&quot;widget-1-0-1&quot;}}\" \/>[\/siteorigin_widget]<\/div>\n<div id=\"panel-51-1-0-2\" class=\"so-panel widget widget_sow-editor panel-last-child\" data-index=\"3\" data-style=\"{&quot;background_image_attachment&quot;:false,&quot;background_display&quot;:&quot;tile&quot;}\" >\n<div class=\"so-widget-sow-editor so-widget-sow-editor-base\">\n<div class=\"siteorigin-widget-tinymce textwidget\">\n<hr \/>\n<p>&nbsp;<\/p>\n<\/div>\n<\/div>\n<\/div>\n<\/div>\n<\/div>\n<div id=\"pg-51-2\"  class=\"panel-grid panel-no-style\"  data-style=\"{&quot;background_display&quot;:&quot;tile&quot;,&quot;cell_alignment&quot;:&quot;flex-start&quot;}\" >\n<div id=\"pgc-51-2-0\"  class=\"panel-grid-cell\"  data-weight=\"1\" >\n<div id=\"panel-51-2-0-0\" class=\"so-panel widget widget_sow-editor panel-first-child panel-last-child\" data-index=\"4\" data-style=\"{&quot;background_display&quot;:&quot;tile&quot;}\" >\n<div class=\"so-widget-sow-editor so-widget-sow-editor-base\">\n<div class=\"siteorigin-widget-tinymce textwidget\">\n<p><strong>El Ministerios de Ni\u00f1as<\/strong> es un programa de discipulado basado en la Iglesia. Tiene una herencia de mujeres piadosas que viene junto con ni\u00f1as, gui\u00e1ndolos en el camino a convertirse en mujeres maduras y piadosas. Nuestro objetivo es simple: para ver todas las chicas hacia una profunda relaci\u00f3n con Jesucristo y a darse cuenta de su importancia y el potencial en el Reino de Dios.<\/p>\n<p><strong>\u00bfQu\u00e9 hace que el Ministerio de Ni\u00f1as sea diferente?<\/strong> Programa de discipulado de ministerios de jovencitas es el programa de preescolar hasta secundaria de ni\u00f1as en el mundo. Ning\u00fan otro programa del Ministerio de las ni\u00f1as cuenta con nuestra variedad de actividades, pista de discipulado centrado o un 60 m\u00e1s a\u00f1os probada trayectoria ayudando a las ni\u00f1as convertirse en confidente, piadoso las mujeres que son l\u00edderes en la iglesia, casa y mundo.<\/p>\n<p><strong>\u00bfPor qu\u00e9 g\u00e9nero-especifico?<\/strong>\u00a0Estudios muestran que las ni\u00f1as aprenden m\u00e1s r\u00e1pido y profundamente cuando son ense\u00f1adas por un modelo a seguir. Las ni\u00f1as necesitan un ejemplo de la vida real. Cuando una ni\u00f1a comprende lo que significa ser una mujer piadosa, ella aspira al dise\u00f1o que Dios quer\u00eda. Un solo g\u00e9nero de clases tiene muchos beneficios, pero el mayor de estos es que una ni\u00f1a pueda sentirse segura en su descubrimiento de lo que Dios quer\u00eda que ella fuese.<\/p>\n<p><strong>\u00danete al Club:<\/strong> si buscas un Ministerio de ni\u00f1as que perfectamente diversi\u00f3n y entrenamiento b\u00edblico juntos, ni\u00f1as ministerios Girls Clubs son para usted! Las ni\u00f1as obtendran:<br \/>\u2022 Aventuras, actividades y juegos que les muestran c\u00f3mo descubrir que la palabra de Dios es diversion! <br \/>\u2022 Clases de habilidades para la vida valiosa de deportividad y de integridad, a la cocina y el alcance.<br \/>\u2022 Ayuda uno-a-uno en la elecci\u00f3n de acciones, actitudes y conductas que agradan a Dios.<\/p>\n<p><strong>Resultado Final:<\/strong> <strong>Relaciones,<\/strong>\u00a0las ni\u00f1as encuentran situaciones dif\u00edciles mientras crecen. Fomentando de manera intencional las relaciones entre los l\u00edderes y ni\u00f1as a trav\u00e9s del club de ni\u00f1as, se puede crear un ambiente seguro para las ni\u00f1as y tratar temas que ellas afrontan y obtener consejos santos. Lo m\u00e1s importante, los Ministerios de Ni\u00f1as\/Clubes de Ni\u00f1as muestran a cada chica que Dios la ama y desea una relaci\u00f3n con ella.<\/p>\n<\/div>\n<\/div>\n<\/div>\n<\/div>\n<\/div>\n<div id=\"pg-51-3\"  class=\"panel-grid panel-no-style\"  data-style=\"{&quot;background_image_attachment&quot;:false,&quot;background_display&quot;:&quot;tile&quot;,&quot;cell_alignment&quot;:&quot;flex-start&quot;}\"  data-ratio=\"1\"  data-ratio-direction=\"right\" >\n<div id=\"pgc-51-3-0\"  class=\"panel-grid-cell\"  data-weight=\"1\" >\n<div id=\"panel-51-3-0-0\" class=\"so-panel widget widget_sow-editor panel-first-child panel-last-child\" data-index=\"5\" data-style=\"{&quot;background_image_attachment&quot;:false,&quot;background_display&quot;:&quot;tile&quot;}\" >\n<div class=\"so-widget-sow-editor so-widget-sow-editor-base\">\n<div class=\"siteorigin-widget-tinymce textwidget\">\n<hr \/>\n<h3 class=\"p1\" style=\"text-align: center;\"><span class=\"s1\"><b>GM Leader:<\/b><\/span><\/h3>\n<p class=\"p1\" style=\"text-align: center;\"><span class=\"s1\">Maria E. Romero<br \/>\n<a href=\"mailto:gm@cchbrandon.org\">gm@cchbrandon.org<\/a><\/span><\/p>\n<hr \/>\n<p>&nbsp;<\/p>\n<\/div>\n<\/div>\n<\/div>\n<\/div>\n<\/div>\n<\/div>\n","protected":false},"excerpt":{"rendered":"<p>[siteorigin_widget class=&#8221;SiteOrigin_Widget_Image_Widget&#8221;][\/siteorigin_widget] Follow us on Social Media\u00a0| S\u00edguenos en las Redes Sociales [siteorigin_widget class=&#8221;Vantage_Social_Media_Widget&#8221;][\/siteorigin_widget] &nbsp; El Ministerios de Ni\u00f1as es un programa de discipulado basado en la Iglesia. Tiene una herencia de mujeres piadosas que viene junto con ni\u00f1as, gui\u00e1ndolos en el camino a convertirse en mujeres maduras y piadosas. Nuestro objetivo es simple: para [&hellip;]<\/p>\n","protected":false},"author":1,"featured_media":0,"parent":0,"menu_order":0,"comment_status":"closed","ping_status":"closed","template":"","meta":{"ocean_post_layout":"","ocean_both_sidebars_style":"","ocean_both_sidebars_content_width":0,"ocean_both_sidebars_sidebars_width":0,"ocean_sidebar":"","ocean_second_sidebar":"","ocean_disable_margins":"enable","ocean_add_body_class":"","ocean_shortcode_before_top_bar":"","ocean_shortcode_after_top_bar":"","ocean_shortcode_before_header":"","ocean_shortcode_after_header":"","ocean_has_shortcode":"","ocean_shortcode_after_title":"","ocean_shortcode_before_footer_widgets":"","ocean_shortcode_after_footer_widgets":"","ocean_shortcode_before_footer_bottom":"","ocean_shortcode_after_footer_bottom":"","ocean_display_top_bar":"default","ocean_display_header":"default","ocean_header_style":"","ocean_center_header_left_menu":"","ocean_custom_header_template":"","ocean_custom_logo":0,"ocean_custom_retina_logo":0,"ocean_custom_logo_max_width":0,"ocean_custom_logo_tablet_max_width":0,"ocean_custom_logo_mobile_max_width":0,"ocean_custom_logo_max_height":0,"ocean_custom_logo_tablet_max_height":0,"ocean_custom_logo_mobile_max_height":0,"ocean_header_custom_menu":"","ocean_menu_typo_font_family":"","ocean_menu_typo_font_subset":"","ocean_menu_typo_font_size":0,"ocean_menu_typo_font_size_tablet":0,"ocean_menu_typo_font_size_mobile":0,"ocean_menu_typo_font_size_unit":"px","ocean_menu_typo_font_weight":"","ocean_menu_typo_font_weight_tablet":"","ocean_menu_typo_font_weight_mobile":"","ocean_menu_typo_transform":"","ocean_menu_typo_transform_tablet":"","ocean_menu_typo_transform_mobile":"","ocean_menu_typo_line_height":0,"ocean_menu_typo_line_height_tablet":0,"ocean_menu_typo_line_height_mobile":0,"ocean_menu_typo_line_height_unit":"","ocean_menu_typo_spacing":0,"ocean_menu_typo_spacing_tablet":0,"ocean_menu_typo_spacing_mobile":0,"ocean_menu_typo_spacing_unit":"","ocean_menu_link_color":"","ocean_menu_link_color_hover":"","ocean_menu_link_color_active":"","ocean_menu_link_background":"","ocean_menu_link_hover_background":"","ocean_menu_link_active_background":"","ocean_menu_social_links_bg":"","ocean_menu_social_hover_links_bg":"","ocean_menu_social_links_color":"","ocean_menu_social_hover_links_color":"","ocean_disable_title":"default","ocean_disable_heading":"default","ocean_post_title":"","ocean_post_subheading":"","ocean_post_title_style":"","ocean_post_title_background_color":"","ocean_post_title_background":0,"ocean_post_title_bg_image_position":"","ocean_post_title_bg_image_attachment":"","ocean_post_title_bg_image_repeat":"","ocean_post_title_bg_image_size":"","ocean_post_title_height":0,"ocean_post_title_bg_overlay":0.5,"ocean_post_title_bg_overlay_color":"","ocean_disable_breadcrumbs":"default","ocean_breadcrumbs_color":"","ocean_breadcrumbs_separator_color":"","ocean_breadcrumbs_links_color":"","ocean_breadcrumbs_links_hover_color":"","ocean_display_footer_widgets":"default","ocean_display_footer_bottom":"default","ocean_custom_footer_template":"","footnotes":""},"class_list":["post-51","page","type-page","status-publish","hentry","entry","owp-thumbs-layout-horizontal","owp-btn-normal","owp-tabs-layout-horizontal","has-no-thumbnails","has-product-nav"],"post_mailing_queue_ids":[],"_links":{"self":[{"href":"https:\/\/cchbrandon.org\/en\/wp-json\/wp\/v2\/pages\/51","targetHints":{"allow":["GET"]}}],"collection":[{"href":"https:\/\/cchbrandon.org\/en\/wp-json\/wp\/v2\/pages"}],"about":[{"href":"https:\/\/cchbrandon.org\/en\/wp-json\/wp\/v2\/types\/page"}],"author":[{"embeddable":true,"href":"https:\/\/cchbrandon.org\/en\/wp-json\/wp\/v2\/users\/1"}],"replies":[{"embeddable":true,"href":"https:\/\/cchbrandon.org\/en\/wp-json\/wp\/v2\/comments?post=51"}],"version-history":[{"count":0,"href":"https:\/\/cchbrandon.org\/en\/wp-json\/wp\/v2\/pages\/51\/revisions"}],"wp:attachment":[{"href":"https:\/\/cchbrandon.org\/en\/wp-json\/wp\/v2\/media?parent=51"}],"curies":[{"name":"wp","href":"https:\/\/api.w.org\/{rel}","templated":true}]}}