{"id":57,"date":"2017-08-04T20:10:23","date_gmt":"2017-08-05T00:10:23","guid":{"rendered":"http:\/\/cchbrandon.org\/?page_id=57"},"modified":"2018-07-21T17:17:41","modified_gmt":"2018-07-21T21:17:41","slug":"ministerio-a-las-prisiones","status":"publish","type":"page","link":"https:\/\/cchbrandon.org\/en\/ministerio-a-las-prisiones\/","title":{"rendered":"Ministry to Prisons"},"content":{"rendered":"<div id=\"pl-57\"  class=\"panel-layout\" >\n<div id=\"pg-57-0\"  class=\"panel-grid panel-no-style\"  data-style=\"{&quot;background_image_attachment&quot;:false,&quot;background_display&quot;:&quot;tile&quot;,&quot;cell_alignment&quot;:&quot;flex-start&quot;}\" >\n<div id=\"pgc-57-0-0\"  class=\"panel-grid-cell\"  data-weight=\"0.5\" >\n<div id=\"panel-57-0-0-0\" class=\"so-panel widget widget_sow-image panel-first-child panel-last-child\" data-index=\"0\" data-style=\"{&quot;background_image_attachment&quot;:false,&quot;background_display&quot;:&quot;tile&quot;}\" >[siteorigin_widget class=&#8221;SiteOrigin_Widget_Image_Widget&#8221;]<input type=\"hidden\" value=\"{&quot;instance&quot;:{&quot;image&quot;:2837,&quot;image_fallback&quot;:&quot;&quot;,&quot;size&quot;:&quot;medium&quot;,&quot;align&quot;:&quot;center&quot;,&quot;title_align&quot;:&quot;default&quot;,&quot;title&quot;:&quot;&quot;,&quot;title_position&quot;:&quot;hidden&quot;,&quot;alt&quot;:&quot;&quot;,&quot;url&quot;:&quot;&quot;,&quot;bound&quot;:true,&quot;_sow_form_id&quot;:&quot;18889193565b5356b50ef3d562399568&quot;,&quot;_sow_form_timestamp&quot;:&quot;1532188487970&quot;,&quot;new_window&quot;:false,&quot;full_width&quot;:false},&quot;args&quot;:{&quot;before_widget&quot;:&quot;&lt;div id=\\&quot;panel-57-0-0-0\\&quot; class=\\&quot;so-panel widget widget_sow-image panel-first-child panel-last-child\\&quot; data-index=\\&quot;0\\&quot; data-style=\\&quot;{&amp;quot;background_image_attachment&amp;quot;:false,&amp;quot;background_display&amp;quot;:&amp;quot;tile&amp;quot;}\\&quot; &gt;&quot;,&quot;after_widget&quot;:&quot;&lt;\\\/div&gt;&quot;,&quot;before_title&quot;:&quot;&lt;h3 class=\\&quot;widget-title\\&quot;&gt;&quot;,&quot;after_title&quot;:&quot;&lt;\\\/h3&gt;&quot;,&quot;widget_id&quot;:&quot;widget-0-0-0&quot;}}\" \/>[\/siteorigin_widget]<\/div>\n<\/div>\n<div id=\"pgc-57-0-1\"  class=\"panel-grid-cell\"  data-weight=\"0.5\" >\n<div id=\"panel-57-0-1-0\" class=\"so-panel widget widget_black-studio-tinymce widget_black_studio_tinymce panel-first-child panel-last-child\" data-index=\"1\" data-style=\"{&quot;background_image_attachment&quot;:false,&quot;background_display&quot;:&quot;tile&quot;}\" >\n<div class=\"textwidget\">\n<p style=\"text-align: center;\">Y entonces el Rey dira a los de su derecha: &#8220;Vengan, benditos de mi Padre y hereden el Reino preparado para ustedes desde la fundacion del mundo. Porque tuve hambre, y ustedes me dieron de comer; tuve sed, y me dieron de beber; fui forastero, y me recibieron; estuve desnudo, y me cubrieron; estuve enfermo, y me visitaron; estuve en la carcel, y vinieron a visitarme&#8221;.<\/p>\n<p style=\"text-align: center;\">Mateo 25: 34-36<\/p>\n<\/div>\n<\/div>\n<\/div>\n<\/div>\n<div id=\"pg-57-1\"  class=\"panel-grid panel-no-style\"  data-style=\"{&quot;background_image_attachment&quot;:false,&quot;background_display&quot;:&quot;tile&quot;,&quot;cell_alignment&quot;:&quot;flex-start&quot;}\"  data-ratio=\"1\"  data-ratio-direction=\"right\" >\n<div id=\"pgc-57-1-0\"  class=\"panel-grid-cell\"  data-weight=\"1\" >\n<div id=\"panel-57-1-0-0\" class=\"so-panel widget widget_black-studio-tinymce widget_black_studio_tinymce panel-first-child panel-last-child\" data-index=\"2\" data-style=\"{&quot;background_image_attachment&quot;:false,&quot;background_display&quot;:&quot;tile&quot;}\" >\n<div class=\"textwidget\"><span class=\"s1\">EI CCH desde sus inicios incluyo el Proyecto de alcanzar las almas en las prisiones de su comunidad, y esa vision que Dios puso en el Corazon de nuestro pastor Jeronimo Perez se ha materializado por casi treinta a\u00f1os desde su inicio en las c\u00e1rceles de Falkenberg y Orient Road con un grupo de siervos muy capacitados sobre todo en su empe\u00f1o de <\/span><span class=\"s2\">n<\/span><span class=\"s1\">o solo tratar con los presos sino tambi\u00e9n <\/span><span class=\"s2\">i<\/span><span class=\"s1\">ncluir a sus familias. <\/span><\/p>\n<p class=\"p2\" style=\"text-align: justify;\"><span class=\"s1\">Haciendo un breve recuento, todo comenz\u00f3 al principio de <\/span><span class=\"s2\">l<\/span><span class=\"s1\">os a\u00f1os 90, realizando un contacto en la carcel de Falkenberg, el cual permiti\u00f3 abrir un servicio todos los Domingos y <\/span><span class=\"s2\">r<\/span><span class=\"s1\">eal<\/span><span class=\"s2\">i<\/span><span class=\"s1\">zar visitas de atenci\u00f3<\/span><span class=\"s2\">n <\/span><span class=\"s1\">persona<\/span><span class=\"s2\">l <\/span><span class=\"s1\">a los reclusos y para la Gloria de Dios en ambos g\u00e9neros (hombres y m<\/span><span class=\"s2\">u<\/span><span class=\"s1\">jeres).\u00a0 Aqu<\/span><span class=\"s2\">\u00ed <\/span><span class=\"s1\">es bueno destacar que todav\u00eda hay hermanos de esa \u00e9poca con <\/span><span class=\"s2\">n<\/span><span class=\"s1\">osotros hoy, los hermanos Isidro y <\/span><span class=\"s2\">L<\/span><span class=\"s1\">ucy Rivera ellos con su perseverancia y pasion han marcado al grupo como banderas representativas de nuestra Iglesia en este Ministerio.<\/span><\/p>\n<p class=\"p2\" style=\"text-align: justify;\"><span class=\"s1\">Es bueno y justo a\u00f1adir hermanos que en su \u00e9poca fueron tambi\u00e9n canteras muy valiosas para el desarrollo de este proyecto como; las Hnas. Elcy Carrion y Julia Roque que ya est\u00e1n en la presencia de<\/span><span class=\"s2\">l <\/span><span class=\"s1\">Se\u00f1or por lo que este ministerio les rinde tributo y eterno agradecimiento po<\/span><span class=\"s2\">r <\/span><span class=\"s1\">su valioso aporte, al igua<\/span><span class=\"s2\">l <\/span><span class=\"s1\">que hermanos como Nelson F<\/span><span class=\"s2\">i<\/span><span class=\"s1\">gueroa, Eliu Velazquez, Juan Valle, Luis Pineda y otros mas que har\u00eda<\/span><span class=\"s2\">n l<\/span><span class=\"s1\">a lista interminable, contribuyeron con su esfuerzo y dedicaci\u00f3n en sentar las bases de este mu<\/span><span class=\"s2\">y <\/span><span class=\"s1\">bendecido Ministerio. <\/span><\/p>\n<p class=\"p4\" style=\"text-align: justify;\"><span class=\"s1\">EI Ministerio ha tenido a bien estar representado por una hermana que ha salido del seno de nuestra Iglesia y hoy trabaja como capell\u00e1n en estas c\u00e1rceles llevando en sus hombros una al<\/span><span class=\"s2\">t<\/span><span class=\"s1\">a <\/span><span class=\"s2\">r<\/span><span class=\"s1\">esponsabilidad que le ha atribuido m\u00e9ritos de c<\/span><span class=\"s2\">o<\/span><span class=\"s1\">nfianza por el eq<\/span><span class=\"s2\">u<\/span><span class=\"s1\">ipo del Sheriff, nos referimos a la hermana Evelyn Lopez que hoy dirige el grupo de voluntarios que ella ha promovido de diferentes Iglesias y ha podido desarrollar exitosamente, nos sentimos muy bendecidos por Dios con seme<\/span><span class=\"s2\">j<\/span><span class=\"s1\">ante aporte. <\/span><\/p>\n<p class=\"p5\" style=\"text-align: justify;\"><span class=\"s1\">La Iglesia hoy colabora arduamente en un programa de regalos y alimentos en cada Navidad <\/span><span class=\"s2\">i<\/span><span class=\"s1\">niciado hace mas de 10 a\u00f1os para los hijos de los presos y a la vez se lleva en esa \u00e9poca el mensaje de la Palabra de Dios a todos los familia res<\/span><span class=\"s2\">, <\/span><span class=\"s1\">donde hay muy hermosos testimonios. <\/span><\/p>\n<p class=\"p6\" style=\"text-align: justify;\"><span class=\"s1\">En lo que corresponde hoy, Dios ha tenido a bien ponernos en la participaci\u00f3n de tres servicios se<\/span><span class=\"s2\">m<\/span><span class=\"s1\">a<\/span><span class=\"s2\">n<\/span><span class=\"s1\">ales (Jueves, S\u00e1bados y Domingos) y realizar esta responsabilidad bajo lo que dice Is.6:8,9 y Is.6<\/span><span class=\"s2\">1:<\/span><span class=\"s1\">1 es un reto que cada d\u00eda nos invita a ser agradecidos y esforzarnos mas para honrar a nuestro Se\u00f1or Jesucristo. <\/span><\/p>\n<\/div>\n<\/div>\n<\/div>\n<\/div>\n<div id=\"pg-57-2\"  class=\"panel-grid panel-no-style\"  data-style=\"{&quot;background_image_attachment&quot;:false,&quot;background_display&quot;:&quot;tile&quot;,&quot;cell_alignment&quot;:&quot;flex-start&quot;}\"  data-ratio=\"1\"  data-ratio-direction=\"right\" >\n<div id=\"pgc-57-2-0\"  class=\"panel-grid-cell panel-grid-cell-empty\"  data-weight=\"0.199626865672\" ><\/div>\n<div id=\"pgc-57-2-1\"  class=\"panel-grid-cell\"  data-weight=\"0.300373134328\" >\n<div id=\"panel-57-2-1-0\" class=\"so-panel widget widget_black-studio-tinymce widget_black_studio_tinymce panel-first-child panel-last-child\" data-index=\"3\" data-style=\"{&quot;background_image_attachment&quot;:false,&quot;background_display&quot;:&quot;tile&quot;}\" >\n<div class=\"textwidget\">\n<h3 style=\"text-align: center;\"><strong>Falkenburg Road Jail:<\/strong><\/h3>\n<p style=\"text-align: center;\"><strong>Horario de Servicios<\/strong><br \/>\nSabados\u00a0 \u00a0 \u00a0 7:30 pm &#8211; 9:00 pm<br \/>\nDomingos\u00a0 7:00 pm &#8211; 9:00 pm<\/p>\n<p style=\"text-align: center;\"><strong>Horario de Estudios Biblicos<\/strong><br \/>\nSabados\u00a0 \u00a0 \u00a02:00 pm &#8211; 3:30 pm<br \/>\nDomingos\u00a0 7:00 pm &#8211; 9:00 pm<\/div>\n<\/div>\n<\/div>\n<div id=\"pgc-57-2-2\"  class=\"panel-grid-cell panel-grid-cell-mobile-last\"  data-weight=\"0.300373134328\" >\n<div id=\"panel-57-2-2-0\" class=\"so-panel widget widget_black-studio-tinymce widget_black_studio_tinymce panel-first-child panel-last-child\" data-index=\"4\" data-style=\"{&quot;background_image_attachment&quot;:false,&quot;background_display&quot;:&quot;tile&quot;}\" >\n<div class=\"textwidget\">\n<h3 style=\"text-align: center;\"><strong>Orient Road Jail:<\/strong><\/h3>\n<p style=\"text-align: center;\"><strong>Horario de Servicios<\/strong><br \/>\nDomingos\u00a0 7:30 pm &#8211; 9:00 pm<\/p>\n<p style=\"text-align: center;\"><strong>Horario de Estudios Biblicos<\/strong><br \/>\nJueves\u00a0 \u00a0 \u00a0 \u00a0 4:00 pm &#8211; 5:30 pm<br \/>\nSabados\u00a0 \u00a0 \u00a09:30 am &#8211; 11:00 am<br \/>\nSabados\u00a0 \u00a0 \u00a03:00 pm &#8211; 4:30 pm<\/div>\n<\/div>\n<\/div>\n<div id=\"pgc-57-2-3\"  class=\"panel-grid-cell panel-grid-cell-empty\"  data-weight=\"0.199626865672\" ><\/div>\n<\/div>\n<div id=\"pg-57-3\"  class=\"panel-grid panel-no-style\"  data-style=\"{&quot;background_image_attachment&quot;:false,&quot;background_display&quot;:&quot;tile&quot;,&quot;cell_alignment&quot;:&quot;flex-start&quot;}\"  data-ratio=\"1\"  data-ratio-direction=\"right\" >\n<div id=\"pgc-57-3-0\"  class=\"panel-grid-cell\"  data-weight=\"1\" >\n<div id=\"panel-57-3-0-0\" class=\"so-panel widget widget_black-studio-tinymce widget_black_studio_tinymce panel-first-child panel-last-child\" data-index=\"5\" data-style=\"{&quot;background_image_attachment&quot;:false,&quot;background_display&quot;:&quot;tile&quot;}\" >\n<div class=\"textwidget\">\n<h3 style=\"text-align: center;\"><strong>Mas Informacion:<\/strong><\/h3>\n<p style=\"text-align: center;\">Secretaria Ministerio Hispano de las Carceles: (813) 323-2946<br \/>\nFalkenburg Program Building: (813) 242-5030<br \/>\nOrient Jail Road: (813) 247-8477<\/p>\n<p style=\"text-align: center;\">Email: hispanicjailandprisonministry@gmail.com<br \/>\nEmail: jannira4125@aol.com<\/div>\n<\/div>\n<\/div>\n<\/div>\n<\/div>\n","protected":false},"excerpt":{"rendered":"<p>[siteorigin_widget class=&#8221;SiteOrigin_Widget_Image_Widget&#8221;][\/siteorigin_widget] Y entonces el Rey dira a los de su derecha: &#8220;Vengan, benditos de mi Padre y hereden el Reino preparado para ustedes desde la fundacion del mundo. Porque tuve hambre, y ustedes me dieron de comer; tuve sed, y me dieron de beber; fui forastero, y me recibieron; estuve desnudo, y me cubrieron; [&hellip;]<\/p>\n","protected":false},"author":1,"featured_media":0,"parent":0,"menu_order":0,"comment_status":"closed","ping_status":"closed","template":"","meta":{"ocean_post_layout":"","ocean_both_sidebars_style":"","ocean_both_sidebars_content_width":0,"ocean_both_sidebars_sidebars_width":0,"ocean_sidebar":"","ocean_second_sidebar":"","ocean_disable_margins":"enable","ocean_add_body_class":"","ocean_shortcode_before_top_bar":"","ocean_shortcode_after_top_bar":"","ocean_shortcode_before_header":"","ocean_shortcode_after_header":"","ocean_has_shortcode":"","ocean_shortcode_after_title":"","ocean_shortcode_before_footer_widgets":"","ocean_shortcode_after_footer_widgets":"","ocean_shortcode_before_footer_bottom":"","ocean_shortcode_after_footer_bottom":"","ocean_display_top_bar":"default","ocean_display_header":"default","ocean_header_style":"","ocean_center_header_left_menu":"","ocean_custom_header_template":"","ocean_custom_logo":0,"ocean_custom_retina_logo":0,"ocean_custom_logo_max_width":0,"ocean_custom_logo_tablet_max_width":0,"ocean_custom_logo_mobile_max_width":0,"ocean_custom_logo_max_height":0,"ocean_custom_logo_tablet_max_height":0,"ocean_custom_logo_mobile_max_height":0,"ocean_header_custom_menu":"","ocean_menu_typo_font_family":"","ocean_menu_typo_font_subset":"","ocean_menu_typo_font_size":0,"ocean_menu_typo_font_size_tablet":0,"ocean_menu_typo_font_size_mobile":0,"ocean_menu_typo_font_size_unit":"px","ocean_menu_typo_font_weight":"","ocean_menu_typo_font_weight_tablet":"","ocean_menu_typo_font_weight_mobile":"","ocean_menu_typo_transform":"","ocean_menu_typo_transform_tablet":"","ocean_menu_typo_transform_mobile":"","ocean_menu_typo_line_height":0,"ocean_menu_typo_line_height_tablet":0,"ocean_menu_typo_line_height_mobile":0,"ocean_menu_typo_line_height_unit":"","ocean_menu_typo_spacing":0,"ocean_menu_typo_spacing_tablet":0,"ocean_menu_typo_spacing_mobile":0,"ocean_menu_typo_spacing_unit":"","ocean_menu_link_color":"","ocean_menu_link_color_hover":"","ocean_menu_link_color_active":"","ocean_menu_link_background":"","ocean_menu_link_hover_background":"","ocean_menu_link_active_background":"","ocean_menu_social_links_bg":"","ocean_menu_social_hover_links_bg":"","ocean_menu_social_links_color":"","ocean_menu_social_hover_links_color":"","ocean_disable_title":"default","ocean_disable_heading":"default","ocean_post_title":"","ocean_post_subheading":"","ocean_post_title_style":"","ocean_post_title_background_color":"","ocean_post_title_background":0,"ocean_post_title_bg_image_position":"","ocean_post_title_bg_image_attachment":"","ocean_post_title_bg_image_repeat":"","ocean_post_title_bg_image_size":"","ocean_post_title_height":0,"ocean_post_title_bg_overlay":0.5,"ocean_post_title_bg_overlay_color":"","ocean_disable_breadcrumbs":"default","ocean_breadcrumbs_color":"","ocean_breadcrumbs_separator_color":"","ocean_breadcrumbs_links_color":"","ocean_breadcrumbs_links_hover_color":"","ocean_display_footer_widgets":"default","ocean_display_footer_bottom":"default","ocean_custom_footer_template":"","footnotes":""},"class_list":["post-57","page","type-page","status-publish","hentry","entry","owp-thumbs-layout-horizontal","owp-btn-normal","owp-tabs-layout-horizontal","has-no-thumbnails","has-product-nav"],"post_mailing_queue_ids":[],"_links":{"self":[{"href":"https:\/\/cchbrandon.org\/en\/wp-json\/wp\/v2\/pages\/57","targetHints":{"allow":["GET"]}}],"collection":[{"href":"https:\/\/cchbrandon.org\/en\/wp-json\/wp\/v2\/pages"}],"about":[{"href":"https:\/\/cchbrandon.org\/en\/wp-json\/wp\/v2\/types\/page"}],"author":[{"embeddable":true,"href":"https:\/\/cchbrandon.org\/en\/wp-json\/wp\/v2\/users\/1"}],"replies":[{"embeddable":true,"href":"https:\/\/cchbrandon.org\/en\/wp-json\/wp\/v2\/comments?post=57"}],"version-history":[{"count":0,"href":"https:\/\/cchbrandon.org\/en\/wp-json\/wp\/v2\/pages\/57\/revisions"}],"wp:attachment":[{"href":"https:\/\/cchbrandon.org\/en\/wp-json\/wp\/v2\/media?parent=57"}],"curies":[{"name":"wp","href":"https:\/\/api.w.org\/{rel}","templated":true}]}}