{"id":6999,"date":"2020-01-16T12:25:58","date_gmt":"2020-01-16T17:25:58","guid":{"rendered":"https:\/\/cchbrandon.org\/?page_id=6999"},"modified":"2020-01-29T18:38:06","modified_gmt":"2020-01-29T23:38:06","slug":"ministerio-damas-solteras","status":"publish","type":"page","link":"https:\/\/cchbrandon.org\/en\/ministerio-damas-solteras\/","title":{"rendered":"Ministerio Damas Solteras"},"content":{"rendered":"<div id=\"pl-6999\"  class=\"panel-layout\" >\n<div id=\"pg-6999-0\"  class=\"panel-grid panel-no-style\"  data-style=\"{&quot;background_image_attachment&quot;:false,&quot;background_display&quot;:&quot;tile&quot;,&quot;cell_alignment&quot;:&quot;flex-start&quot;}\"  data-ratio=\"1\"  data-ratio-direction=\"right\" >\n<div id=\"pgc-6999-0-0\"  class=\"panel-grid-cell\"  data-weight=\"1\" >\n<div id=\"panel-6999-0-0-0\" class=\"so-panel widget widget_sow-editor panel-first-child panel-last-child\" data-index=\"0\" data-style=\"{&quot;background_image_attachment&quot;:false,&quot;background_display&quot;:&quot;tile&quot;}\" >\n<div class=\"so-widget-sow-editor so-widget-sow-editor-base\">\n<div class=\"siteorigin-widget-tinymce textwidget\">\n<p class=\"p1\"><span class=\"s2\"><img decoding=\"async\" class=\"wp-image-7000 size-thumbnail alignleft\" src=\"https:\/\/cchbrandon.org\/wp-content\/uploads\/2020\/01\/CCH-Single-Ladies-Logo-576x576-1-150x150.png\" alt=\"\" width=\"150\" height=\"150\" srcset=\"https:\/\/cchbrandon.org\/wp-content\/uploads\/2020\/01\/CCH-Single-Ladies-Logo-576x576-1-150x150.png 150w, https:\/\/cchbrandon.org\/wp-content\/uploads\/2020\/01\/CCH-Single-Ladies-Logo-576x576-1-300x300.png 300w, https:\/\/cchbrandon.org\/wp-content\/uploads\/2020\/01\/CCH-Single-Ladies-Logo-576x576-1-100x100.png 100w, https:\/\/cchbrandon.org\/wp-content\/uploads\/2020\/01\/CCH-Single-Ladies-Logo-576x576-1.png 576w\" sizes=\"(max-width: 150px) 100vw, 150px\" \/><\/span><\/p>\n<\/div>\n<\/div>\n<\/div>\n<\/div>\n<\/div>\n<div id=\"pg-6999-1\"  class=\"panel-grid panel-no-style\"  data-style=\"{&quot;background_image_attachment&quot;:false,&quot;background_display&quot;:&quot;tile&quot;,&quot;cell_alignment&quot;:&quot;flex-start&quot;}\"  data-ratio=\"1\"  data-ratio-direction=\"right\" >\n<div id=\"pgc-6999-1-0\"  class=\"panel-grid-cell\"  data-weight=\"0.5\" >\n<div id=\"panel-6999-1-0-0\" class=\"so-panel widget widget_sow-editor panel-first-child panel-last-child\" data-index=\"1\" data-style=\"{&quot;background_image_attachment&quot;:false,&quot;background_display&quot;:&quot;tile&quot;}\" >\n<div class=\"so-widget-sow-editor so-widget-sow-editor-base\">\n<div class=\"siteorigin-widget-tinymce textwidget\">\n<p class=\"p3\"><span class=\"s1\">WHO ARE WE<\/span><\/p>\n<p class=\"p5\"><span class=\"s2\">Women of Destiny; and, Women of the Word<\/span><\/p>\n<p class=\"p3\"><span class=\"s1\">MISSION STATEMENT<\/span><span class=\"s2\">: <\/span><\/p>\n<p class=\"p7\"><span class=\"s2\">To create an environment, helping single women find their true identity on their journey to the next step of their lives with our Lord Jesus Christ as their foundation.<\/span><\/p>\n<p class=\"p3\"><span class=\"s1\">PURPOSE<\/span><span class=\"s2\">: <\/span><\/p>\n<p class=\"p7\"><span class=\"s2\">To support, encourage, uplift and guide each woman to the Lord, who is our source, towards wholeness and completion<\/span><\/p>\n<p class=\"p3\"><span class=\"s1\">BIBLE VERSE<\/span><span class=\"s2\">: <\/span><\/p>\n<p class=\"p9\"><span class=\"s2\">\u201cFor I know the thoughts that I think toward you, says the LORD, thoughts of peace and not of evil, to give you a future and a hope.\u201d <\/span><\/p>\n<p class=\"p3\"><span class=\"s2\">We are a ministry of support, encouragement, uplifting and guidance to each individual, leading to that wholeness and fulfillment that comes in knowing our Lord intimately.<\/span> <span class=\"s2\">Our goal is to help women find their true identity, in understanding and knowing their value as a daughter of the King. This can be accomplished by meeting together in an atmosphere of confidentiality, sharing our life experiences, and implementing the word of God, along with worship, prayer and fellowship.<\/span><\/p>\n<\/div>\n<\/div>\n<\/div>\n<\/div>\n<div id=\"pgc-6999-1-1\"  class=\"panel-grid-cell\"  data-weight=\"0.5\" >\n<div id=\"panel-6999-1-1-0\" class=\"so-panel widget widget_sow-editor panel-first-child panel-last-child\" data-index=\"2\" data-style=\"{&quot;background_image_attachment&quot;:false,&quot;background_display&quot;:&quot;tile&quot;}\" >\n<div class=\"so-widget-sow-editor so-widget-sow-editor-base\">\n<div class=\"siteorigin-widget-tinymce textwidget\">\n<p class=\"p1\"><span class=\"s1\">QUIENES SOMOS<\/span><span class=\"s2\">:<\/span><\/p>\n<p class=\"p4\"><span class=\"s2\">Mujeres del Destino y Mujeres de la Palabra<\/span><\/p>\n<p class=\"p1\"><span class=\"s1\">NUESTRA DE LA MISION:<\/span><\/p>\n<p class=\"p6\"><span class=\"s2\">Crear un ambiente, ayudando a las mujeres solteras a encontrar su verdadera identidad en su destino al pr\u00f3ximo cap\u00edtulo de sus vidas con nuestro Se\u00f1or Jesucristo como su fundamento.<\/span><\/p>\n<p class=\"p1\"><span class=\"s1\">PROPOSITO:<\/span><\/p>\n<p class=\"p6\"><span class=\"s2\">Para apoyar, alentar, elevar y guiar a cada mujer al Se\u00f1or, quien es nuestra fuente, hacia la integridad y la realizaci\u00f3n.<\/span><\/p>\n<p class=\"p1\"><span class=\"s1\">BASE BIBLICA:<\/span><\/p>\n<p class=\"p8\"><span class=\"s2\">\u201cPorque yo s\u00e9 los pensamientos que tengo acerca de vosotros, dice Jehov\u00e1, pensamientos de paz, y no de mal, para daros el fin que esper\u00e1is.\u201d <\/span><span class=\"s3\">(Jerem\u00edas <\/span><\/p>\n<p class=\"p1\"><span class=\"s2\">Somos un ministerio de apoyo, aliento, edificacion y gu\u00eda para cada individuo, lo que lleva a esa plenitud y satisfacci\u00f3n que viene al conocer a nuestro Se\u00f1or \u00edntimamente. Nuestro objetivo es ayudar a las mujeres a encontrar su verdadera identidad, en comprender y conocer su valor como hija del Rey. Esto se puede lograr atraves de nuestras reuniones con un ambiente de confidencialidad, compartiendo experiencias de vida e implementando la Palabra de Dios, junto con la adoraci\u00f3n, la oraci\u00f3n y el compa\u00f1erismo.<\/span><\/p>\n<\/div>\n<\/div>\n<\/div>\n<\/div>\n<\/div>\n<div id=\"pg-6999-2\"  class=\"panel-grid panel-no-style\"  data-style=\"{&quot;background_image_attachment&quot;:false,&quot;background_display&quot;:&quot;tile&quot;,&quot;cell_alignment&quot;:&quot;flex-start&quot;}\"  data-ratio=\"1\"  data-ratio-direction=\"right\" >\n<div id=\"pgc-6999-2-0\"  class=\"panel-grid-cell\"  data-weight=\"1\" >\n<div id=\"panel-6999-2-0-0\" class=\"so-panel widget widget_sow-editor panel-first-child\" data-index=\"3\" data-style=\"{&quot;background_image_attachment&quot;:false,&quot;background_display&quot;:&quot;tile&quot;}\" >\n<div class=\"so-widget-sow-editor so-widget-sow-editor-base\">\n<div class=\"siteorigin-widget-tinymce textwidget\">\n<hr \/>\n<p class=\"p1\" style=\"text-align: center;\"><strong><span class=\"s2\">LIDERES \/ <\/span><span class=\"s2\">Leaders<\/span><span class=\"s3\">:<\/span><\/strong><\/p>\n<p class=\"p4\" style=\"text-align: center;\"><span class=\"s3\">Rev. Evelyn Lopez <\/span><\/p>\n<p class=\"p4\" style=\"text-align: center;\"><span class=\"s3\">Sandra Hernandez <\/span><\/p>\n<p class=\"p4\" style=\"text-align: center;\"><span class=\"s3\">Jeannie Torres<\/span><\/p>\n<p class=\"p1\" style=\"text-align: center;\"><strong><span class=\"s2\">CONTACTOS \/ <\/span><span class=\"s2\">Contacts<\/span><span class=\"s3\">:<\/span><\/strong><\/p>\n<p class=\"p6\" style=\"text-align: center;\"><span class=\"s4\"> Email: <a href=\"mailto:ds@cchbrandon.org\"><span class=\"s5\">ds@cchbrandon.org<\/span><\/a><\/span><\/p>\n<p class=\"p1\" style=\"text-align: center;\"><span class=\"s3\"> Telefono <\/span><span class=\"s6\"><i>Phone<\/i><\/span><span class=\"s3\">: (813) 685-4454<\/span><\/p>\n<p class=\"p1\" style=\"text-align: center;\"><span class=\"s3\"> Direccion <\/span><span class=\"s6\"><i>Address<\/i><\/span><span class=\"s3\">: 2014 Providence Rd.<\/span><\/p>\n<p class=\"p1\" style=\"text-align: center;\"><span class=\"s3\"> Brandon, FL 33511<\/span><\/p>\n<\/div>\n<\/div>\n<\/div>\n<div id=\"panel-6999-2-0-1\" class=\"so-panel widget widget_sow-editor panel-last-child\" data-index=\"4\" data-style=\"{&quot;background_image_attachment&quot;:false,&quot;background_display&quot;:&quot;tile&quot;}\" >\n<div class=\"so-widget-sow-editor so-widget-sow-editor-base\">\n<div class=\"siteorigin-widget-tinymce textwidget\">\n<hr \/>\n<p class=\"p1\"><span class=\"s1\">Dias de Reuniones \/ <\/span><span class=\"s2\">Meeting Days<\/span><span class=\"s3\">:<\/span><\/p>\n<p class=\"p2\"><span class=\"s4\">1er Miercoles del mes \/ <\/span><span class=\"s3\">1<\/span><span class=\"s5\"><sup>st<\/sup><\/span><span class=\"s3\"> Wednesday of the month<\/span><\/p>\n<\/div>\n<\/div>\n<\/div>\n<\/div>\n<\/div>\n<\/div>","protected":false},"excerpt":{"rendered":"<p>WHO ARE WE Women of Destiny; and, Women of the Word MISSION STATEMENT: To create an environment, helping single women find their true identity on their journey to the next step of their lives with our Lord Jesus Christ as their foundation. PURPOSE: To support, encourage, uplift and guide each woman to the Lord, who [&hellip;]<\/p>\n","protected":false},"author":4,"featured_media":0,"parent":0,"menu_order":0,"comment_status":"closed","ping_status":"closed","template":"","meta":{"ocean_post_layout":"","ocean_both_sidebars_style":"","ocean_both_sidebars_content_width":0,"ocean_both_sidebars_sidebars_width":0,"ocean_sidebar":"","ocean_second_sidebar":"","ocean_disable_margins":"enable","ocean_add_body_class":"","ocean_shortcode_before_top_bar":"","ocean_shortcode_after_top_bar":"","ocean_shortcode_before_header":"","ocean_shortcode_after_header":"","ocean_has_shortcode":"","ocean_shortcode_after_title":"","ocean_shortcode_before_footer_widgets":"","ocean_shortcode_after_footer_widgets":"","ocean_shortcode_before_footer_bottom":"","ocean_shortcode_after_footer_bottom":"","ocean_display_top_bar":"default","ocean_display_header":"default","ocean_header_style":"","ocean_center_header_left_menu":"","ocean_custom_header_template":"","ocean_custom_logo":0,"ocean_custom_retina_logo":0,"ocean_custom_logo_max_width":0,"ocean_custom_logo_tablet_max_width":0,"ocean_custom_logo_mobile_max_width":0,"ocean_custom_logo_max_height":0,"ocean_custom_logo_tablet_max_height":0,"ocean_custom_logo_mobile_max_height":0,"ocean_header_custom_menu":"","ocean_menu_typo_font_family":"","ocean_menu_typo_font_subset":"","ocean_menu_typo_font_size":0,"ocean_menu_typo_font_size_tablet":0,"ocean_menu_typo_font_size_mobile":0,"ocean_menu_typo_font_size_unit":"px","ocean_menu_typo_font_weight":"","ocean_menu_typo_font_weight_tablet":"","ocean_menu_typo_font_weight_mobile":"","ocean_menu_typo_transform":"","ocean_menu_typo_transform_tablet":"","ocean_menu_typo_transform_mobile":"","ocean_menu_typo_line_height":0,"ocean_menu_typo_line_height_tablet":0,"ocean_menu_typo_line_height_mobile":0,"ocean_menu_typo_line_height_unit":"","ocean_menu_typo_spacing":0,"ocean_menu_typo_spacing_tablet":0,"ocean_menu_typo_spacing_mobile":0,"ocean_menu_typo_spacing_unit":"","ocean_menu_link_color":"","ocean_menu_link_color_hover":"","ocean_menu_link_color_active":"","ocean_menu_link_background":"","ocean_menu_link_hover_background":"","ocean_menu_link_active_background":"","ocean_menu_social_links_bg":"","ocean_menu_social_hover_links_bg":"","ocean_menu_social_links_color":"","ocean_menu_social_hover_links_color":"","ocean_disable_title":"default","ocean_disable_heading":"default","ocean_post_title":"","ocean_post_subheading":"","ocean_post_title_style":"","ocean_post_title_background_color":"","ocean_post_title_background":0,"ocean_post_title_bg_image_position":"","ocean_post_title_bg_image_attachment":"","ocean_post_title_bg_image_repeat":"","ocean_post_title_bg_image_size":"","ocean_post_title_height":0,"ocean_post_title_bg_overlay":0.5,"ocean_post_title_bg_overlay_color":"","ocean_disable_breadcrumbs":"default","ocean_breadcrumbs_color":"","ocean_breadcrumbs_separator_color":"","ocean_breadcrumbs_links_color":"","ocean_breadcrumbs_links_hover_color":"","ocean_display_footer_widgets":"default","ocean_display_footer_bottom":"default","ocean_custom_footer_template":"","footnotes":""},"class_list":["post-6999","page","type-page","status-publish","hentry","entry","owp-thumbs-layout-horizontal","owp-btn-normal","owp-tabs-layout-horizontal","has-no-thumbnails","has-product-nav"],"post_mailing_queue_ids":[],"_links":{"self":[{"href":"https:\/\/cchbrandon.org\/en\/wp-json\/wp\/v2\/pages\/6999","targetHints":{"allow":["GET"]}}],"collection":[{"href":"https:\/\/cchbrandon.org\/en\/wp-json\/wp\/v2\/pages"}],"about":[{"href":"https:\/\/cchbrandon.org\/en\/wp-json\/wp\/v2\/types\/page"}],"author":[{"embeddable":true,"href":"https:\/\/cchbrandon.org\/en\/wp-json\/wp\/v2\/users\/4"}],"replies":[{"embeddable":true,"href":"https:\/\/cchbrandon.org\/en\/wp-json\/wp\/v2\/comments?post=6999"}],"version-history":[{"count":0,"href":"https:\/\/cchbrandon.org\/en\/wp-json\/wp\/v2\/pages\/6999\/revisions"}],"wp:attachment":[{"href":"https:\/\/cchbrandon.org\/en\/wp-json\/wp\/v2\/media?parent=6999"}],"curies":[{"name":"wp","href":"https:\/\/api.w.org\/{rel}","templated":true}]}}